{"id":11026,"date":"2017-10-01T13:58:55","date_gmt":"2017-10-01T11:58:55","guid":{"rendered":"http:\/\/www.bergkirchen.com\/site\/?page_id=11026"},"modified":"2025-11-29T09:04:36","modified_gmt":"2025-11-29T08:04:36","slug":"gruppen-und-kreise","status":"publish","type":"page","link":"https:\/\/www.bergkirchen.com\/site\/gruppen-und-kreise\/","title":{"rendered":"Gruppen und Kreise"},"content":{"rendered":"<p>Wir sind eine lebendige Gemeinde mit zahlreichen aktiven Gruppen f\u00fcr Jung und Alt. Hier finden Sie eine \u00dcbersicht der regelm\u00e4\u00dfigen Termine in chronologischer Reihenfolge. Sofern nichts anderes angegeben ist, treffen sich die Gruppen im Gemeindehaus Bergkirchen w\u00f6chentlich au\u00dferhalb der Schulferien. Bei Fragen und Anregungen wenden Sie sich bitte an unser Gemeindeb\u00fcro.<\/p>\n<h1 style=\"text-align: center;\"><span style=\"color: #ff9900;\">Montag<\/span><\/h1>\n<p><strong>Spielgruppe Bergkirchener Spielm\u00e4use (f\u00fcr 3 bis 5-J\u00e4hrige)<\/strong><\/p>\n<p style=\"padding-left: 30px;\">15:30 &#8211; 17:00 Uhr<\/p>\n<h1 style=\"text-align: center;\"><span style=\"color: #ff9900;\">Dienstag<\/span><\/h1>\n<p><strong>Bibel- und Gespr\u00e4chskreis<\/strong><\/p>\n<p style=\"padding-left: 30px;\">19:00 &#8211; 20:00 Uhr<\/p>\n<p><strong>Posaunenchor des CVJM<\/strong><\/p>\n<p style=\"padding-left: 30px;\">20:00 &#8211; 21:30 Uhr<\/p>\n<h1 style=\"text-align: center;\"><span style=\"color: #ff9900;\">Mittwoch<\/span><\/h1>\n<p><strong>Frauenhilfe<\/strong><\/p>\n<p style=\"padding-left: 30px;\">15:00 &#8211; 16:30 Uhr (14-t\u00e4glich)<\/p>\n<h1 style=\"text-align: center;\"><span style=\"color: #ff9900;\">Donnerstag<\/span><\/h1>\n<p><strong>Kinderchor (f\u00fcr 6 bis 12-J\u00e4hrige)<\/strong><\/p>\n<p style=\"padding-left: 30px;\">17:00 &#8211; 18:00 Uhr<\/p>\n<p><strong>Blau-Kreuz-Gruppe Wulferdingsen<\/strong><\/p>\n<p style=\"padding-left: 30px;\">19:00 &#8211; 20:30 Uhr<\/p>\n<p><strong>Kindergottesdienst &#8211; Vorbereitungstreffen<\/strong><\/p>\n<p style=\"padding-left: 30px;\">19:00 &#8211; 20:00 Uhr<\/p>\n<p><strong>Projektchor Lichtblick<\/strong><\/p>\n<p style=\"padding-left: 30px;\">19:30 &#8211; 21:00 Uhr<\/p>\n<h1 style=\"text-align: center;\"><span style=\"color: #ff9900;\">Samstag<\/span><\/h1>\n<p><strong>Konfirmandenunterricht<\/strong><\/p>\n\n\n<p><\/p>\n","protected":false},"excerpt":{"rendered":"<p>Wir sind eine lebendige Gemeinde mit zahlreichen aktiven Gruppen f\u00fcr Jung und Alt. Hier finden Sie eine \u00dcbersicht der regelm\u00e4\u00dfigen Termine in chronologischer Reihenfolge. Sofern nichts anderes angegeben ist, treffen sich die Gruppen im Gemeindehaus Bergkirchen w\u00f6chentlich au\u00dferhalb der Schulferien. Bei Fragen und Anregungen wenden Sie sich bitte an unser Gemeindeb\u00fcro. Montag Spielgruppe Bergkirchener Spielm\u00e4use [&hellip;]<\/p>\n","protected":false},"author":6,"featured_media":11246,"parent":0,"menu_order":0,"comment_status":"closed","ping_status":"closed","template":"","meta":{"footnotes":""},"class_list":["post-11026","page","type-page","status-publish","has-post-thumbnail","hentry"],"_links":{"self":[{"href":"https:\/\/www.bergkirchen.com\/site\/wp-json\/wp\/v2\/pages\/11026","targetHints":{"allow":["GET"]}}],"collection":[{"href":"https:\/\/www.bergkirchen.com\/site\/wp-json\/wp\/v2\/pages"}],"about":[{"href":"https:\/\/www.bergkirchen.com\/site\/wp-json\/wp\/v2\/types\/page"}],"author":[{"embeddable":true,"href":"https:\/\/www.bergkirchen.com\/site\/wp-json\/wp\/v2\/users\/6"}],"replies":[{"embeddable":true,"href":"https:\/\/www.bergkirchen.com\/site\/wp-json\/wp\/v2\/comments?post=11026"}],"version-history":[{"count":104,"href":"https:\/\/www.bergkirchen.com\/site\/wp-json\/wp\/v2\/pages\/11026\/revisions"}],"predecessor-version":[{"id":18705,"href":"https:\/\/www.bergkirchen.com\/site\/wp-json\/wp\/v2\/pages\/11026\/revisions\/18705"}],"wp:featuredmedia":[{"embeddable":true,"href":"https:\/\/www.bergkirchen.com\/site\/wp-json\/wp\/v2\/media\/11246"}],"wp:attachment":[{"href":"https:\/\/www.bergkirchen.com\/site\/wp-json\/wp\/v2\/media?parent=11026"}],"curies":[{"name":"wp","href":"https:\/\/api.w.org\/{rel}","templated":true}]}}