{"id":11033,"date":"2017-10-01T14:03:44","date_gmt":"2017-10-01T12:03:44","guid":{"rendered":"http:\/\/www.bergkirchen.com\/site\/?page_id=11033"},"modified":"2026-01-04T14:52:18","modified_gmt":"2026-01-04T13:52:18","slug":"presbyterium","status":"publish","type":"page","link":"https:\/\/www.bergkirchen.com\/site\/presbyterium\/","title":{"rendered":"Presbyterium"},"content":{"rendered":"<p>Die ehemalige Kirchengemeinde Bergkirchen geh\u00f6rt dem 01.01.2026 zur Ev.-Luth. Kirchengemeinde An der Bergkante.<\/p>\n<p>Das Leben in der Kirchengemeinde wird vom Leitungsgremium \u2013 dem Presbyterium \u2013 verantwortet.<\/p>\n<figure id=\"attachment_17608\" aria-describedby=\"caption-attachment-17608\" style=\"width: 354px\" class=\"wp-caption alignleft\"><img loading=\"lazy\" decoding=\"async\" class=\"wp-image-17608 \" src=\"https:\/\/www.bergkirchen.com\/site\/wp-content\/uploads\/2024\/08\/Gruppenfoto-1-Kirche-1024x683.jpg\" alt=\"\" width=\"354\" height=\"236\" data-wp-editing=\"1\" \/><figcaption id=\"caption-attachment-17608\" class=\"wp-caption-text\">Das ehemalige Presbyterium &#8211; M\u00e4rz 2024<\/figcaption><\/figure>\n<p>Es besteht aus der Pfarrerin der Kirchengemeinde sowie aus sechs Presbytern. Einmal im Monat trifft man sich, um \u00fcber alles zu beraten und zu beschlie\u00dfen, was anliegt. Dabei k\u00fcmmern sich die einzelnen Personen und Aussch\u00fcsse auch zwischen den Sitzungen um die Aufgabenbereiche, die sie \u00fcbernommen haben.<\/p>\n\n\n<div class=\"wp-block-group alignfull ext editor:no-inserter has-background ext-my-0 ext-py-lg\"><div class=\"wp-block-group__inner-container is-layout-constrained wp-block-group-is-layout-constrained\">\n<h2 class=\"wp-block-heading alignwide has-text-align-center ext-mt-0 ext-mb-base has-ext-x-large-font-size\" id=\"our-team\">Das Gremium bis zum 31.12.2025<\/h2>\n\n\n\n<div class=\"wp-block-columns alignwide tablet:fullwidth-cols ext-mt-lg is-layout-flex wp-container-core-columns-is-layout-9d6595d7 wp-block-columns-is-layout-flex\">\n<div class=\"wp-block-column ext-mb-lg tablet:ext-mb-0 is-layout-flow wp-block-column-is-layout-flow\"><div class=\"wp-block-image is-style-rounded editor:no-caption editor:no-resize ext-mb-base\">\n<figure class=\"aligncenter size-large\"><img decoding=\"async\" src=\"https:\/\/www.bergkirchen.com\/site\/wp-content\/uploads\/2024\/08\/Katrin-Berger-4-683x1024.jpg\" alt=\"\" class=\"wp-image-17607\"\/><figcaption class=\"wp-element-caption\">Katrin Berger<\/figcaption><\/figure>\n<\/div>\n\n\n<p class=\"has-text-align-left ext-m-0 has-ext-small-font-size\">Ich wurde 1982 in Bethel (Bielefeld) geboren. Meine Kindheit und Jugend habe ich in Minden-Mei\u00dfen verbracht, wo meine Eltern immer noch leben. Zum Theologiestudium bin ich nach Krelingen, Bethel, Leipzig, Philadelphia und M\u00fcnster gezogen. F\u00fcr meine praktische Ausbildung zur Pfarrerin ging es noch nach Castrop-Rauxel, Gelsenkirchen-Buer und nach K\u00f6ln zum WDR, bis ich drei Jahre im Entsendungsdienst in Levern Pfarrerin war. Die letzten sechs Jahre habe ich in Hamm die Jugendkirche geleitet. Ich bin leidenschaftlich gern Pfarrerin. Als erstes bedeutet das f\u00fcr mich, Seelsorgerin zu sein. Nicht nur in Gespr\u00e4chen, auch wenn ich Gottesdienste (mit anderen) gestalte, mit Konfis unterwegs bin oder anderes in Ihren Gemeinden begleite m\u00f6chte ich, dass das sp\u00fcrbar wird: Gott sorgt f\u00fcr unsere Seelen, damit wir getr\u00f6stet, gest\u00e4rkt und voller (Vor-)Freude leben. Wenn Sie mich nach meinem pers\u00f6nlichen Glauben fragen, dann kann ich in aller K\u00fcrze das sagen: Jesus ist mein Heil, die Bibel meine Brille auf Gottes Welt, christliche Gemeinschaft meine Sehnsucht. Wenn Sie mich nach meinem Profil als Pfarrerin fragen, kann ich nur sagen, ich glaube, ich bin eine spannende Mischung aus traditionell und modern.<\/p>\n\n\n\n<p class=\"has-text-align-left ext-m-0 has-ext-small-font-size\"><\/p>\n\n\n\n<p class=\"has-text-align-left ext-m-0 has-ext-small-font-size\"><\/p>\n\n\n\n<p class=\"has-text-align-center ext-m-0 has-ext-small-font-size\"><\/p>\n<\/div>\n\n\n\n<div class=\"wp-block-column ext-mb-lg tablet:ext-mb-0 ext-pt-base tablet:ext-pt-0 tablet:ext--ml-base is-layout-flow wp-block-column-is-layout-flow\"><div class=\"wp-block-image is-style-rounded editor:no-caption editor:no-resize ext-mb-base\">\n<figure class=\"aligncenter size-large\"><img loading=\"lazy\" decoding=\"async\" width=\"683\" height=\"1024\" src=\"https:\/\/www.bergkirchen.com\/site\/wp-content\/uploads\/2024\/08\/Stefan-Busse-3-683x1024.jpg\" alt=\"\" class=\"wp-image-17603\" srcset=\"https:\/\/www.bergkirchen.com\/site\/wp-content\/uploads\/2024\/08\/Stefan-Busse-3-683x1024.jpg 683w, https:\/\/www.bergkirchen.com\/site\/wp-content\/uploads\/2024\/08\/Stefan-Busse-3-200x300.jpg 200w, https:\/\/www.bergkirchen.com\/site\/wp-content\/uploads\/2024\/08\/Stefan-Busse-3-768x1152.jpg 768w, https:\/\/www.bergkirchen.com\/site\/wp-content\/uploads\/2024\/08\/Stefan-Busse-3-1024x1536.jpg 1024w, https:\/\/www.bergkirchen.com\/site\/wp-content\/uploads\/2024\/08\/Stefan-Busse-3-1365x2048.jpg 1365w, https:\/\/www.bergkirchen.com\/site\/wp-content\/uploads\/2024\/08\/Stefan-Busse-3-1200x1800.jpg 1200w, https:\/\/www.bergkirchen.com\/site\/wp-content\/uploads\/2024\/08\/Stefan-Busse-3-1980x2970.jpg 1980w, https:\/\/www.bergkirchen.com\/site\/wp-content\/uploads\/2024\/08\/Stefan-Busse-3-scaled.jpg 1707w\" sizes=\"auto, (max-width: 683px) 100vw, 683px\" \/><figcaption class=\"wp-element-caption\">Stefan Busse<\/figcaption><\/figure>\n<\/div>\n\n\n<p class=\"has-text-align-left\">Ich bin seit \u00fcber 30 Jahren verheiratet und Vater zweier erwachsener Kinder. Beruflich schaue ich auf mehr als drei Jahrzehnte vielf\u00e4ltiger Aufgaben im Bereich der Berufsausbildung zur\u00fcck. Als Presbyter m\u00f6chte ich dazu beitragen, unsere Kirchengemeinde als ein Ort der N\u00e4he zu Gott und des Miteinanders aktiv zu gestalten.<\/p>\n\n\n\n<p class=\"has-text-align-center\"><\/p>\n<\/div>\n\n\n\n<div class=\"wp-block-column ext-mb-lg tablet:ext-mb-0 ext-pt-base tablet:ext-pt-0 tablet:ext--ml-base is-layout-flow wp-block-column-is-layout-flow\"><div class=\"wp-block-image is-style-rounded editor:no-caption editor:no-resize ext-mb-base\">\n<figure class=\"aligncenter size-large\"><img loading=\"lazy\" decoding=\"async\" width=\"683\" height=\"1024\" src=\"https:\/\/www.bergkirchen.com\/site\/wp-content\/uploads\/2024\/08\/Marc-Dierksmeier-1-683x1024.jpg\" alt=\"\" class=\"wp-image-17602\" srcset=\"https:\/\/www.bergkirchen.com\/site\/wp-content\/uploads\/2024\/08\/Marc-Dierksmeier-1-683x1024.jpg 683w, https:\/\/www.bergkirchen.com\/site\/wp-content\/uploads\/2024\/08\/Marc-Dierksmeier-1-200x300.jpg 200w, https:\/\/www.bergkirchen.com\/site\/wp-content\/uploads\/2024\/08\/Marc-Dierksmeier-1-768x1152.jpg 768w, https:\/\/www.bergkirchen.com\/site\/wp-content\/uploads\/2024\/08\/Marc-Dierksmeier-1-1024x1536.jpg 1024w, https:\/\/www.bergkirchen.com\/site\/wp-content\/uploads\/2024\/08\/Marc-Dierksmeier-1-1365x2048.jpg 1365w, https:\/\/www.bergkirchen.com\/site\/wp-content\/uploads\/2024\/08\/Marc-Dierksmeier-1-1200x1800.jpg 1200w, https:\/\/www.bergkirchen.com\/site\/wp-content\/uploads\/2024\/08\/Marc-Dierksmeier-1-1980x2970.jpg 1980w, https:\/\/www.bergkirchen.com\/site\/wp-content\/uploads\/2024\/08\/Marc-Dierksmeier-1-scaled.jpg 1707w\" sizes=\"auto, (max-width: 683px) 100vw, 683px\" \/><figcaption class=\"wp-element-caption\">Marc Dierksmeier<\/figcaption><\/figure>\n<\/div>\n\n\n<p class=\"has-text-align-left\">Ich bin 52 Jahre alt, habe Wirtschaftsinformatik studiert und arbeite aktuell bei einer Unternehmensberatung. Aufgewachsen bin ich in Rothenuffeln und wohne seit 2011 zusammen mit meiner Frau Birgit und unseren beiden Kindern Pia und Eric in Wulferdingsen. Ich freue mich, mich nach langer Zeit wieder aktiv in die Gemeindearbeit einbringen zu d\u00fcrfen.<\/p>\n\n\n\n<p class=\"has-text-align-center\"><\/p>\n<\/div>\n\n\n\n<div class=\"wp-block-column ext-mb-lg ext-pt-base tablet:ext-mb-0 tablet:ext-pt-0 tablet:ext--ml-base is-layout-flow wp-block-column-is-layout-flow\"><div class=\"wp-block-image is-style-rounded editor:no-resize editor:no-caption ext-mb-base\">\n<figure class=\"aligncenter size-large\"><img loading=\"lazy\" decoding=\"async\" width=\"683\" height=\"1024\" src=\"https:\/\/www.bergkirchen.com\/site\/wp-content\/uploads\/2024\/08\/Michael-Meyer-2-683x1024.jpg\" alt=\"\" class=\"wp-image-17601\" srcset=\"https:\/\/www.bergkirchen.com\/site\/wp-content\/uploads\/2024\/08\/Michael-Meyer-2-683x1024.jpg 683w, https:\/\/www.bergkirchen.com\/site\/wp-content\/uploads\/2024\/08\/Michael-Meyer-2-200x300.jpg 200w, https:\/\/www.bergkirchen.com\/site\/wp-content\/uploads\/2024\/08\/Michael-Meyer-2-768x1152.jpg 768w, https:\/\/www.bergkirchen.com\/site\/wp-content\/uploads\/2024\/08\/Michael-Meyer-2-1024x1536.jpg 1024w, https:\/\/www.bergkirchen.com\/site\/wp-content\/uploads\/2024\/08\/Michael-Meyer-2-1365x2048.jpg 1365w, https:\/\/www.bergkirchen.com\/site\/wp-content\/uploads\/2024\/08\/Michael-Meyer-2-1200x1800.jpg 1200w, https:\/\/www.bergkirchen.com\/site\/wp-content\/uploads\/2024\/08\/Michael-Meyer-2-1980x2970.jpg 1980w, https:\/\/www.bergkirchen.com\/site\/wp-content\/uploads\/2024\/08\/Michael-Meyer-2-scaled.jpg 1707w\" sizes=\"auto, (max-width: 683px) 100vw, 683px\" \/><figcaption class=\"wp-element-caption\">Michael Meyer<\/figcaption><\/figure>\n<\/div>\n\n\n<p class=\"has-text-align-left\">Mein Name ist Michael Meyer. Ich bin ein Kind Wulferdingsens! Aufgewachsen auf dem elterlichen Bauernhof erlebte ich von Anfang an die vielen Wunder mit denen Gott uns in der Natur begegnet. Meine Zeit des Studiums der Tiermedizin habe ich in Berlin verbracht, um danach einige Jahre in der Fremde zuzubringen; etwas \u00fcber 10 Jahre davon als Tierarzt in Gambia, West-Afrika. Meiner Frau Alida und mir wurden dort zwei S\u00f6hne geschenkt, Neo &amp; Lucas. 2018 sind wir zu viert zur\u00fcck auf unseren Hof gezogen, ein gro\u00dfer Einschnitt in unser aller Leben. Zum Gottesdienst und anderen Events fahre ich gerne mit dem Fahrrad, oft zum Leidwesen meiner Kinder, die ich auch schon mal den Berg \u201chochschiebe\u201d\u2026 Ich hoffe auf Gottes reichen Segen f\u00fcr unsere Gemeinde an der Bergkante und unser neues Presbyterium mit neuer Pfarrerin! Ich freue mich auf die Arbeit, die vor uns liegt!<\/p>\n<\/div>\n<\/div>\n<\/div><\/div>\n\n\n\n<div class=\"wp-block-group alignfull ext editor:no-inserter has-background ext-my-0 ext-py-lg\"><div class=\"wp-block-group__inner-container is-layout-constrained wp-block-group-is-layout-constrained\">\n<div class=\"wp-block-columns alignwide tablet:fullwidth-cols ext-mt-lg is-layout-flex wp-container-core-columns-is-layout-9d6595d7 wp-block-columns-is-layout-flex\">\n<div class=\"wp-block-column ext-mb-lg tablet:ext-mb-0 is-layout-flow wp-block-column-is-layout-flow\"><div class=\"wp-block-image is-style-rounded editor:no-caption editor:no-resize ext-mb-base\">\n<figure class=\"aligncenter size-large\"><img loading=\"lazy\" decoding=\"async\" width=\"683\" height=\"1024\" src=\"https:\/\/www.bergkirchen.com\/site\/wp-content\/uploads\/2024\/08\/Cord-Neuhaus-1-683x1024.jpg\" alt=\"\" class=\"wp-image-17605\" srcset=\"https:\/\/www.bergkirchen.com\/site\/wp-content\/uploads\/2024\/08\/Cord-Neuhaus-1-683x1024.jpg 683w, https:\/\/www.bergkirchen.com\/site\/wp-content\/uploads\/2024\/08\/Cord-Neuhaus-1-200x300.jpg 200w, https:\/\/www.bergkirchen.com\/site\/wp-content\/uploads\/2024\/08\/Cord-Neuhaus-1-768x1152.jpg 768w, https:\/\/www.bergkirchen.com\/site\/wp-content\/uploads\/2024\/08\/Cord-Neuhaus-1-1024x1536.jpg 1024w, https:\/\/www.bergkirchen.com\/site\/wp-content\/uploads\/2024\/08\/Cord-Neuhaus-1-1365x2048.jpg 1365w, https:\/\/www.bergkirchen.com\/site\/wp-content\/uploads\/2024\/08\/Cord-Neuhaus-1-1200x1800.jpg 1200w, https:\/\/www.bergkirchen.com\/site\/wp-content\/uploads\/2024\/08\/Cord-Neuhaus-1-1980x2970.jpg 1980w, https:\/\/www.bergkirchen.com\/site\/wp-content\/uploads\/2024\/08\/Cord-Neuhaus-1-scaled.jpg 1707w\" sizes=\"auto, (max-width: 683px) 100vw, 683px\" \/><figcaption class=\"wp-element-caption\">Cord Neuhaus &#8211; Vorsitzender des Presbyteriums<\/figcaption><\/figure>\n<\/div>\n\n\n<p class=\"has-text-align-left\">1970 geboren und in Wulferdingsen aufgewachsen habe ich seit meiner fr\u00fchesten Kindheit Kirche vor Ort erlebt. Neben meiner hauptberuflichen T\u00e4tigkeit als Tischlermeister im Bildungswerk des Wittekindshofs bin ich seit \u00fcber 20 Jahren ehrenamtlich im Presbyterium der Kirchengemeinde Bergkirchen aktiv. Seit 2012 geh\u00f6re ich dem Kreissynodalvorstand des Kirchenkreises Minden an. Zur erneuten Mitwirkung im Presbyterium habe ich mich bereit erkl\u00e4rt, weil ich mein langj\u00e4hrig erworbenes Wissen innerhalb der Gemeinde und des Kirchenkreises in die angesto\u00dfenen und notwendigen Ver\u00e4nderungsprozesse einbringen m\u00f6chte. Dies alles ist nur dank gro\u00dfer Unterst\u00fctzung meiner Frau und unserer beiden T\u00f6chter leistbar.<\/p>\n<\/div>\n\n\n\n<div class=\"wp-block-column ext-mb-lg ext-pt-base tablet:ext-mb-0 tablet:ext--ml-base tablet:ext-pt-0 is-layout-flow wp-block-column-is-layout-flow\"><div class=\"wp-block-image is-style-rounded editor:no-caption editor:no-resize ext-mb-base\">\n<figure class=\"aligncenter size-full\"><img loading=\"lazy\" decoding=\"async\" width=\"682\" height=\"1024\" src=\"https:\/\/www.bergkirchen.com\/site\/wp-content\/uploads\/2024\/08\/Thore-Niestrat-4.jpg\" alt=\"\" class=\"wp-image-17600\" srcset=\"https:\/\/www.bergkirchen.com\/site\/wp-content\/uploads\/2024\/08\/Thore-Niestrat-4.jpg 682w, https:\/\/www.bergkirchen.com\/site\/wp-content\/uploads\/2024\/08\/Thore-Niestrat-4-200x300.jpg 200w\" sizes=\"auto, (max-width: 682px) 100vw, 682px\" \/><figcaption class=\"wp-element-caption\">Thore Niestrat<\/figcaption><\/figure>\n<\/div>\n\n\n<p class=\"has-text-align-left ext-m-0 has-ext-small-font-size\">Ich bin 54 Jahre alt, verheiratet und habe zwei erwachsene Kinder. Seit 32 Jahren wirke ich, anfangs hauptberuflich und sp\u00e4ter ehrenamtlich, an verschiedenen Stellen in der Kirchengemeinde Bergkirchen mit. Derzeit k\u00fcmmere ich mich als Finanzkirchmeister und Vertreter im Vorstand des Friedhofsverbands evangelischer Kirchen in Bad Oeynhausen, um die Belange unserer Gemeinde.<\/p>\n<\/div>\n\n\n\n<div class=\"wp-block-column ext-mb-lg tablet:ext-mb-0 ext-pt-base tablet:ext-pt-0 tablet:ext--ml-base is-layout-flow wp-block-column-is-layout-flow\"><div class=\"wp-block-image is-style-rounded editor:no-caption editor:no-resize ext-mb-base\">\n<figure class=\"aligncenter size-full\"><img loading=\"lazy\" decoding=\"async\" width=\"682\" height=\"1024\" src=\"https:\/\/www.bergkirchen.com\/site\/wp-content\/uploads\/2024\/08\/Juergen-Schirakow-3.jpg\" alt=\"\" class=\"wp-image-17599\" srcset=\"https:\/\/www.bergkirchen.com\/site\/wp-content\/uploads\/2024\/08\/Juergen-Schirakow-3.jpg 682w, https:\/\/www.bergkirchen.com\/site\/wp-content\/uploads\/2024\/08\/Juergen-Schirakow-3-200x300.jpg 200w\" sizes=\"auto, (max-width: 682px) 100vw, 682px\" \/><figcaption class=\"wp-element-caption\">J\u00fcrgen Schirakow<\/figcaption><\/figure>\n<\/div>\n\n\n<p class=\"has-text-align-left\">Ich bin 66 Jahre alt und wohne in Bergkirchen. Seit einem Jahr bin ich im Ruhestand und m\u00f6chte mich einer neuen Herausforderung stellen und mich mehr in die Gemeinde einbringen. In meiner Freizeit engagiere ich mich seit vielen Jahren im Bereich des Jugendfu\u00dfballs. Hier gab es immer wieder Ber\u00fchrungspunkte mit den Konfis der Gemeinde, unter anderem als Betreuer beim Konfi-Cup. Seit 1975 geh\u00f6re ich zum CVJM und bin seit 1985 auch im Vorstand. Hier war ich viele Jahre mitverantwortlich f\u00fcr die Konfirmandenarbeit\/Freizeit und die Tannenbaumaktion. Mit ist es wichtig, die Verbindung zwischen Kirchengemeinde und CVJM zu vertiefen und so zu einem lebendigen und vielseitigen Gemeindeleben beizutragen.<\/p>\n\n\n\n<p class=\"has-text-align-center\"><\/p>\n<\/div>\n\n\n\n<p class=\"has-text-align-center ext-m-0 has-ext-small-font-size\"><\/p>\n<\/div>\n\n\n\n<div class=\"wp-block-column ext-mb-lg ext-pt-base tablet:ext-mb-0 tablet:ext-pt-0 tablet:ext--ml-base is-layout-flow wp-block-column-is-layout-flow\">\n<p class=\"has-text-align-center\"><\/p>\n<\/div>\n<\/div><\/div>\n\n\n<p><!-- \/wp:post-content --><\/p>\n<p><!-- wp:group {\"align\":\"full\",\"className\":\"ext editor:no-inserter has-background ext-my-0 ext-py-lg\",\"layout\":{\"inherit\":true,\"type\":\"constrained\"}} --><\/p>\n<div class=\"wp-block-group alignfull ext editor:no-inserter has-background ext-my-0 ext-py-lg\"><!-- wp:heading {\"textAlign\":\"center\",\"align\":\"wide\",\"className\":\"ext-mt-0 ext-mb-base\",\"fontSize\":\"ext-x-large\"} --><\/p>\n<h2 id=\"our-team\" class=\"wp-block-heading alignwide has-text-align-center ext-mt-0 ext-mb-base has-ext-x-large-font-size\">Im Dienst der Gemeinde<\/h2>\n<p><!-- \/wp:heading --><\/p>\n<p><!-- wp:columns {\"align\":\"wide\",\"className\":\"tablet:fullwidth-cols ext-mt-lg\"} --><\/p>\n<div class=\"wp-block-columns alignwide tablet:fullwidth-cols ext-mt-lg\"><!-- wp:column {\"className\":\"ext-mb-lg tablet:ext-mb-0\"} --><\/p>\n<div class=\"wp-block-column ext-mb-lg tablet:ext-mb-0\"><!-- wp:image {\"id\":16080,\"sizeSlug\":\"large\",\"linkDestination\":\"none\",\"align\":\"center\",\"className\":\"is-style-rounded editor:no-caption editor:no-resize ext-mb-base\"} --><\/p>\n<figure class=\"wp-block-image aligncenter size-large is-style-rounded editor:no-caption editor:no-resize ext-mb-base\">\n<figure id=\"attachment_16080\" aria-describedby=\"caption-attachment-16080\" style=\"width: 700px\" class=\"wp-caption alignleft\"><img loading=\"lazy\" decoding=\"async\" class=\"wp-image-16080\" src=\"https:\/\/www.bergkirchen.com\/site\/wp-content\/uploads\/2022\/05\/Ines-fuer-Homepage-300x200.jpg\" alt=\"\" width=\"700\" height=\"467\" srcset=\"https:\/\/www.bergkirchen.com\/site\/wp-content\/uploads\/2022\/05\/Ines-fuer-Homepage-300x200.jpg 300w, https:\/\/www.bergkirchen.com\/site\/wp-content\/uploads\/2022\/05\/Ines-fuer-Homepage-1024x683.jpg 1024w, https:\/\/www.bergkirchen.com\/site\/wp-content\/uploads\/2022\/05\/Ines-fuer-Homepage-768x512.jpg 768w, https:\/\/www.bergkirchen.com\/site\/wp-content\/uploads\/2022\/05\/Ines-fuer-Homepage-1536x1024.jpg 1536w, https:\/\/www.bergkirchen.com\/site\/wp-content\/uploads\/2022\/05\/Ines-fuer-Homepage-2048x1365.jpg 2048w, https:\/\/www.bergkirchen.com\/site\/wp-content\/uploads\/2022\/05\/Ines-fuer-Homepage-1200x800.jpg 1200w, https:\/\/www.bergkirchen.com\/site\/wp-content\/uploads\/2022\/05\/Ines-fuer-Homepage-1980x1320.jpg 1980w\" sizes=\"auto, (max-width: 700px) 100vw, 700px\" \/><figcaption id=\"caption-attachment-16080\" class=\"wp-caption-text\">Ines K\u00fcnzel<\/figcaption><\/figure><br \/>\n<\/figure>\n<p><!-- \/wp:image --><\/p>\n<p><!-- wp:paragraph {\"align\":\"center\",\"className\":\"ext-m-0\",\"fontSize\":\"ext-small\"} --><\/p>\n<p class=\"has-text-align-center ext-m-0 has-ext-small-font-size\"><strong>Gemeindeb\u00fcro<\/strong><\/p>\n<p><!-- \/wp:paragraph --><\/p>\n<\/div>\n<p><!-- \/wp:column --><\/p>\n<p><!-- wp:column {\"className\":\"ext-mb-lg tablet:ext-mb-0 ext-pt-base tablet:ext-pt-0 tablet:ext\\u002d\\u002dml-base\"} --><\/p>\n<div class=\"wp-block-column ext-mb-lg tablet:ext-mb-0 ext-pt-base tablet:ext-pt-0 tablet:ext--ml-base\"><!-- wp:paragraph {\"align\":\"center\",\"className\":\"ext-m-0\",\"fontSize\":\"ext-small\"} --><\/p>\n<p><!-- \/wp:paragraph --><\/p>\n<\/div>\n<p><!-- \/wp:column --><\/p>\n<p><!-- wp:column {\"className\":\"ext-mb-lg ext-pt-base tablet:ext-mb-0 tablet:ext\\u002d\\u002dml-base tablet:ext-pt-0\"} --><\/p>\n<div class=\"wp-block-column ext-mb-lg ext-pt-base tablet:ext-mb-0 tablet:ext--ml-base tablet:ext-pt-0\">\u00a0<\/div>\n<p><!-- \/wp:column --><\/p>\n<p><!-- wp:column {\"className\":\"ext-mb-lg ext-pt-base tablet:ext-mb-0 tablet:ext-pt-0 tablet:ext\\u002d\\u002dml-base\"} --><\/p>\n<div class=\"wp-block-column ext-mb-lg ext-pt-base tablet:ext-mb-0 tablet:ext-pt-0 tablet:ext--ml-base\">\u00a0<\/div>\n<p><!-- \/wp:column --><\/p>\n<\/div>\n<p><!-- \/wp:columns --><\/p>\n<\/div>\n<p><!-- \/wp:group --><\/p>\n<p><!-- wp:paragraph {\"align\":\"center\"} --><\/p>\n<p class=\"has-text-align-center\"><em>Alle Bilder: <\/em><\/p>\n<p><!-- \/wp:paragraph --><\/p>\n<p><!-- wp:paragraph {\"align\":\"center\"} --><\/p>\n<p class=\"has-text-align-center\"><em>Anja Kruse, Fotostudio siehdichsch\u00f6n, Wietelb\u00fclte 10 in 32549 Bad Oeynhausen<\/em><\/p>\n<p><!-- \/wp:paragraph --><\/p>\n<p><!-- \/wp:group --><\/p>","protected":false},"excerpt":{"rendered":"<p>Die ehemalige Kirchengemeinde Bergkirchen geh\u00f6rt dem 01.01.2026 zur Ev.-Luth. Kirchengemeinde An der Bergkante. Das Leben in der Kirchengemeinde wird vom Leitungsgremium \u2013 dem Presbyterium \u2013 verantwortet. Es besteht aus der Pfarrerin der Kirchengemeinde sowie aus sechs Presbytern. Einmal im Monat trifft man sich, um \u00fcber alles zu beraten und zu beschlie\u00dfen, was anliegt. Dabei k\u00fcmmern [&hellip;]<\/p>\n","protected":false},"author":6,"featured_media":11022,"parent":0,"menu_order":0,"comment_status":"closed","ping_status":"closed","template":"","meta":{"footnotes":""},"class_list":["post-11033","page","type-page","status-publish","has-post-thumbnail","hentry"],"_links":{"self":[{"href":"https:\/\/www.bergkirchen.com\/site\/wp-json\/wp\/v2\/pages\/11033","targetHints":{"allow":["GET"]}}],"collection":[{"href":"https:\/\/www.bergkirchen.com\/site\/wp-json\/wp\/v2\/pages"}],"about":[{"href":"https:\/\/www.bergkirchen.com\/site\/wp-json\/wp\/v2\/types\/page"}],"author":[{"embeddable":true,"href":"https:\/\/www.bergkirchen.com\/site\/wp-json\/wp\/v2\/users\/6"}],"replies":[{"embeddable":true,"href":"https:\/\/www.bergkirchen.com\/site\/wp-json\/wp\/v2\/comments?post=11033"}],"version-history":[{"count":159,"href":"https:\/\/www.bergkirchen.com\/site\/wp-json\/wp\/v2\/pages\/11033\/revisions"}],"predecessor-version":[{"id":18782,"href":"https:\/\/www.bergkirchen.com\/site\/wp-json\/wp\/v2\/pages\/11033\/revisions\/18782"}],"wp:featuredmedia":[{"embeddable":true,"href":"https:\/\/www.bergkirchen.com\/site\/wp-json\/wp\/v2\/media\/11022"}],"wp:attachment":[{"href":"https:\/\/www.bergkirchen.com\/site\/wp-json\/wp\/v2\/media?parent=11033"}],"curies":[{"name":"wp","href":"https:\/\/api.w.org\/{rel}","templated":true}]}}