{"id":11035,"date":"2017-10-01T14:04:50","date_gmt":"2017-10-01T12:04:50","guid":{"rendered":"http:\/\/www.bergkirchen.com\/site\/?page_id=11035"},"modified":"2025-11-09T12:21:38","modified_gmt":"2025-11-09T11:21:38","slug":"service-und-downloads","status":"publish","type":"page","link":"https:\/\/www.bergkirchen.com\/site\/service-und-downloads\/","title":{"rendered":"Service und Downloads"},"content":{"rendered":"<p>M\u00f6chten Sie einen Flyer f\u00fcr ein Konzert herunterladen oder aber f\u00fcr die anstehende Taufe eine Anregung f\u00fcr einen passenden Taufspruch haben? Vielleicht suchen sie aber auch Formulare zum Thema Datenschutz. Bei all diesen Fragen sind sie im &#8222;Service- und Downloadbereich&#8220; richtig &#8230;<\/p>\n\n\n<h2 class=\"wp-block-heading has-text-align-center\"><mark style=\"background-color:rgba(0, 0, 0, 0)\" class=\"has-inline-color has-luminous-vivid-amber-color\">Gemeindebrief<\/mark><\/h2>\n\n\n\n<p>Den aktuellen Gemeindebrief (November 2025 bis Februar) finden Sie <a href=\"https:\/\/www.bergkirchen.com\/site\/wp-content\/uploads\/2025\/11\/GB-Bergkante_19102025.pdf\" data-type=\"link\" data-id=\"https:\/\/www.bergkirchen.com\/site\/wp-content\/uploads\/2025\/06\/Gemeindebrief-2025-07.pdf\">hier<\/a>.<\/p>\n\n\n\n<h2 class=\"wp-block-heading has-text-align-center\" id=\"Liturgie\"><mark style=\"background-color:rgba(0, 0, 0, 0)\" class=\"has-inline-color has-luminous-vivid-amber-color\">Liturgie f\u00fcr traditionelle Bergkantengottesdienste<\/mark><\/h2>\n\n\n<p>Hier ist die <a href=\"https:\/\/www.bergkirchen.com\/site\/wp-content\/uploads\/2025\/02\/Bergkantenliturgie.pdf\">gemeinsame Liturgie<\/a> f\u00fcr traditionelle Bergkantengottesdienste, die an allen Predigtst\u00e4tten gilt.\u00a0<\/p>\n\n\n<h2 class=\"wp-block-heading has-text-align-center\"><mark style=\"background-color:rgba(0, 0, 0, 0)\" class=\"has-inline-color has-luminous-vivid-amber-color\">Gemeindekonzeption <\/mark><\/h2>\n\n\n\n<p>Viele Informationen \u00fcber unsere lebendige Gemeinde finden Sie in der <a href=\"https:\/\/www.bergkirchen.com\/site\/wp-content\/uploads\/2019\/09\/Gemeindekonzeption.pdf\">Gemeindekonzeption.<\/a><\/p>\n\n\n\n<h2 class=\"wp-block-heading has-text-align-center\"><mark style=\"background-color:rgba(0, 0, 0, 0)\" class=\"has-inline-color has-luminous-vivid-amber-color\">Kirchenfenster<\/mark><\/h2>\n\n\n\n<p>Wenn Sie Informationen \u00fcber unsere Kirchenfenster haben m\u00f6chten, dann wenden Sie sich bitte an das Gemeindeb\u00fcro.<\/p>\n\n\n\n<h2 class=\"wp-block-heading has-text-align-center\"><mark style=\"background-color:rgba(0, 0, 0, 0)\" class=\"has-inline-color has-luminous-vivid-amber-color\">Datenschutz<\/mark><\/h2>\n\n\n\n<p>Die Erlaubnis zur Ver\u00f6ffentlichung von Daten im Gemeindebrief oder der Homepage k\u00f6nnen sie mit den folgenden Formularen gestatten:<\/p>\n\n\n\n<p><a href=\"https:\/\/www.bergkirchen.com\/site\/wp-content\/uploads\/2018\/10\/Einwilligungserkl\u00e4rung-f\u00fcr-die-Ver\u00f6ffentlichung-von-personenbezogenen-Daten-im-Gemeindebrief.pdf\">Einwilligungserkl\u00e4rung &#8211; Daten<\/a><\/p>\n\n\n\n<p><a href=\"https:\/\/www.bergkirchen.com\/site\/wp-content\/uploads\/2018\/10\/Einwilligungserkl\u00e4rung-f\u00fcr-die-Ver\u00f6ffentlichung-von-Fotos-im-Gemeindebrief.pdf\">Einwilligungserkl\u00e4rung &#8211; Fotos<\/a><\/p>\n\n\n\n<p>Ebenso k\u00f6nnen Sie eine einmal erteilte Erlaubnis jederzeit widerrufen:<\/p>\n\n\n\n<p><a href=\"https:\/\/www.bergkirchen.com\/site\/wp-content\/uploads\/2018\/10\/Widerruf.pdf\">Widerruf<\/a><\/p>\n\n\n\n<h2 class=\"wp-block-heading has-text-align-center\"><mark style=\"background-color:rgba(0, 0, 0, 0)\" class=\"has-inline-color has-luminous-vivid-amber-color\">Taufe<\/mark><\/h2>\n\n\n\n<p>Die Taufe wirft sicher f\u00fcr die Eltern einige inhaltliche und organisatorische Fragen auf. Zur Vorbereitung auf das Taufgespr\u00e4ch haben wir hier einige <a href=\"https:\/\/www.bergkirchen.com\/site\/wp-content\/uploads\/2017\/10\/Die-Taufe-h\u00e4ufig-gestellte-Fragen.pdf\">oft gestellte Fragen<\/a> zusammengefasst. Zur <strong>Taufe<\/strong> geh\u00f6rt ein Vers aus der Bibel. Dieser Taufspruch soll einerseits gut zu dem T\u00e4ufling passen, andererseits soll der Spruch ein Begleiter durchs Leben sein. Wir haben eine Liste von geeigneten Bibelversen mit Erkl\u00e4rungen versehen, damit Sie <a href=\"https:\/\/www.bergkirchen.com\/site\/wp-content\/uploads\/2017\/10\/Taufspr\u00fcche.pdf\">den richtigen Spruch<\/a> finden k\u00f6nnen.<\/p>\n\n\n\n<h2 class=\"wp-block-heading has-text-align-center\"><mark style=\"background-color:rgba(0, 0, 0, 0)\" class=\"has-inline-color has-luminous-vivid-amber-color\">Konfirmation<\/mark><\/h2>\n\n\n\n<p>Bei der Konfirmation werden junge Menschen zu Kirchenmitgliedern mit allen Rechten und Pflichten. Zum ersten Mal sagen sie selbst &#8222;Ja&#8220; zum christlichen Glauben. Auch f\u00fcr diesen Tag haben wir einige <a href=\"https:\/\/www.bergkirchen.com\/site\/wp-content\/uploads\/2017\/10\/Die-Konfirmation-h\u00e4ufig-gestellte-Fragen.pdf\">oft gestellte Fragen<\/a> und auch <a href=\"https:\/\/www.bergkirchen.com\/site\/wp-content\/uploads\/2017\/10\/Konfirmationsspr\u00fcche.pdf\">Konfirmationsspr\u00fcche<\/a> bereit gestellt.<\/p>\n\n\n\n<p><\/p>\n\n\n\n<h2 class=\"wp-block-heading has-text-align-center\"><mark style=\"background-color:rgba(0, 0, 0, 0)\" class=\"has-inline-color has-luminous-vivid-amber-color\">Trauung<\/mark><\/h2>\n\n\n\n<p>Der sch\u00f6nste Tag im Leben? Oder doch eher der gr\u00f6\u00dfte Stress? Wer heiratet und sich kirchlich trauen l\u00e4sst, hat viel zu planen und zu bedenken. Wir haben Ihnen <a href=\"https:\/\/www.bergkirchen.com\/site\/wp-content\/uploads\/2017\/10\/Die-Trauung-h\u00e4ufig-gestellte-Fragen.pdf\">hier<\/a> alles zusammengestellt, was Sie wissen m\u00fcssen, damit Ihre kirchliche Trauung tats\u00e4chlich zu einem sch\u00f6nen Fest werden kann. Inspiration f\u00fcr <a href=\"https:\/\/www.bergkirchen.com\/site\/wp-content\/uploads\/2017\/10\/Trauspr\u00fcche.pdf\">einen passenden Trauspruch<\/a> finden Sie hier.<\/p>\n\n\n\n<p><a href=\"https:\/\/www.bergkirchen.com\/site\/impressum-und-nutzungsbedingungen\/\">Impressum und Nutzungsbedingungen<\/a><\/p>\n","protected":false},"excerpt":{"rendered":"<p>M\u00f6chten Sie einen Flyer f\u00fcr ein Konzert herunterladen oder aber f\u00fcr die anstehende Taufe eine Anregung f\u00fcr einen passenden Taufspruch haben? Vielleicht suchen sie aber auch Formulare zum Thema Datenschutz. Bei all diesen Fragen sind sie im &#8222;Service- und Downloadbereich&#8220; richtig &#8230; Gemeindebrief Den aktuellen Gemeindebrief (November 2025 bis Februar) finden Sie hier. Liturgie f\u00fcr [&hellip;]<\/p>\n","protected":false},"author":6,"featured_media":11249,"parent":0,"menu_order":0,"comment_status":"closed","ping_status":"closed","template":"","meta":{"footnotes":""},"class_list":["post-11035","page","type-page","status-publish","has-post-thumbnail","hentry"],"_links":{"self":[{"href":"https:\/\/www.bergkirchen.com\/site\/wp-json\/wp\/v2\/pages\/11035","targetHints":{"allow":["GET"]}}],"collection":[{"href":"https:\/\/www.bergkirchen.com\/site\/wp-json\/wp\/v2\/pages"}],"about":[{"href":"https:\/\/www.bergkirchen.com\/site\/wp-json\/wp\/v2\/types\/page"}],"author":[{"embeddable":true,"href":"https:\/\/www.bergkirchen.com\/site\/wp-json\/wp\/v2\/users\/6"}],"replies":[{"embeddable":true,"href":"https:\/\/www.bergkirchen.com\/site\/wp-json\/wp\/v2\/comments?post=11035"}],"version-history":[{"count":111,"href":"https:\/\/www.bergkirchen.com\/site\/wp-json\/wp\/v2\/pages\/11035\/revisions"}],"predecessor-version":[{"id":18646,"href":"https:\/\/www.bergkirchen.com\/site\/wp-json\/wp\/v2\/pages\/11035\/revisions\/18646"}],"wp:featuredmedia":[{"embeddable":true,"href":"https:\/\/www.bergkirchen.com\/site\/wp-json\/wp\/v2\/media\/11249"}],"wp:attachment":[{"href":"https:\/\/www.bergkirchen.com\/site\/wp-json\/wp\/v2\/media?parent=11035"}],"curies":[{"name":"wp","href":"https:\/\/api.w.org\/{rel}","templated":true}]}}